{"id":794,"date":"2018-08-30T22:27:29","date_gmt":"2018-08-30T22:27:29","guid":{"rendered":"http:\/\/www.jcicdp.org\/es\/?page_id=794"},"modified":"2018-08-30T22:27:29","modified_gmt":"2018-08-30T22:27:29","slug":"donaciones","status":"publish","type":"page","link":"https:\/\/www.jcicdp.org\/es\/donaciones\/","title":{"rendered":"Dona Ya"},"content":{"rendered":"<div class=\"wpb-content-wrapper\"><p>[vc_row][vc_column]<div class=\"ult-spacer spacer-69e4439988688\" data-id=\"69e4439988688\" data-height=\"5\" data-height-mobile=\"5\" data-height-tab=\"5\" data-height-tab-portrait=\"5\" data-height-mobile-landscape=\"5\" style=\"clear:both;display:block;\"><\/div>[\/vc_column][\/vc_row][vc_row][vc_column][vc_column_text]<\/p>\n<p style=\"text-align: justify;\">Puedes hacer tu donaci\u00f3n, depositando directamente a la cuenta corriente de la Organizaci\u00f3n C\u00e1mara Junior De La Ciudad de Panam\u00e1:<\/p>\n<p>[\/vc_column_text]<div class=\"porto-blockquote wpb_content_element \"><blockquote class=\"  \"><p>\n<h4 style=\"text-align: center;\">Cuenta Corriente Banco General<br \/>\n03-24-01-001065-1<br \/>\nC\u00e1mara Junior de la Ciudad de Panam\u00e1<\/h4>\n<p><\/p><\/blockquote><\/div>[vc_column_text]<\/p>\n<p style=\"text-align: justify;\">De igual manera puedes hacer tu donaci\u00f3n a trav\u00e9s de cheque a nombre de: <em><strong>C\u00e1mara Junior De La Ciudad de Panam\u00e1<\/strong><\/em>.<\/p>\n<p>Env\u00edanos una copia del dep\u00f3sito si requieres un recibo deducible de impuestos. Puedes hacernos llegar copia del dep\u00f3sito por correo a: <strong>tesorero@jcicdp.org<\/strong>[\/vc_column_text][\/vc_column][\/vc_row][vc_row][vc_column]<div class=\"ult-spacer spacer-69e4439988811\" data-id=\"69e4439988811\" data-height=\"5\" data-height-mobile=\"5\" data-height-tab=\"5\" data-height-tab-portrait=\"5\" data-height-mobile-landscape=\"5\" style=\"clear:both;display:block;\"><\/div>[\/vc_column][\/vc_row][vc_row full_width=\u00bbstretch_row\u00bb wrap_container=\u00bbyes\u00bb is_section=\u00bbyes\u00bb section_skin=\u00bbprimary\u00bb remove_margin_top=\u00bbyes\u00bb remove_margin_bottom=\u00bbyes\u00bb el_class=\u00bbp-b-xl\u00bb][vc_column width=\u00bb1\/4&#8243;]<div class=\"stats-block stats-top  m-b \"><div class=\"aio-icon-top\"><div class=\"ult-just-icon-wrapper  \"><div class=\"align-icon\" style=\"text-align:center;\"><\/div><\/div><\/div><div class=\"stats-desc\" id=\"counter-responsv-wrap-4823\"><div id=\"counter_75781030269e4439988a19\" data-id=\"counter_75781030269e4439988a19\"  data-ultimate-target='#counter-responsv-wrap-4823 .stats-number'  data-responsive-json-new='{\"font-size\":\"desktop:50px;\",\"line-height\":\"\"}'  class=\"stats-number ult-responsive\" style=\" color:#ffffff; color:#ffffff;\" data-speed=\"3\" data-counter-value=\"1\" data-separator=\",\" data-decimal=\".\">0<\/div><div id=\"title-counter_75781030269e4439988a19\"  data-ultimate-target='#counter-responsv-wrap-4823 .stats-text'  data-responsive-json-new='{\"font-size\":\"desktop:20px;\",\"line-height\":\"\"}'  class=\"stats-text ult-responsive\" style=\"font-size:px; color:#ffffff; \">Misi\u00f3n y Visi\u00f3n JCI<\/div><\/div><\/div>[\/vc_column][vc_column width=\u00bb1\/4&#8243;]<div class=\"stats-block stats-top  m-b \"><div class=\"aio-icon-top\"><div class=\"ult-just-icon-wrapper  \"><div class=\"align-icon\" style=\"text-align:center;\"><\/div><\/div><\/div><div class=\"stats-desc\" id=\"counter-responsv-wrap-2103\"><div id=\"counter_167656093069e4439988b09\" data-id=\"counter_167656093069e4439988b09\"  data-ultimate-target='#counter-responsv-wrap-2103 .stats-number'  data-responsive-json-new='{\"font-size\":\"desktop:50px;\",\"line-height\":\"\"}'  class=\"stats-number ult-responsive\" style=\" color:#ffffff; color:#ffffff;\" data-speed=\"3\" data-counter-value=\"200000\" data-separator=\",\" data-decimal=\".\">0<\/div><div class=\"counter_suffix mycust ult-responsive\"  data-ultimate-target='#counter-responsv-wrap-2103 .mycust'  data-responsive-json-new='{\"font-size\":\"desktop:50px;\",\"line-height\":\"\"}'  style=\" color:#ffffff\">+<\/div><div id=\"title-counter_167656093069e4439988b09\"  data-ultimate-target='#counter-responsv-wrap-2103 .stats-text'  data-responsive-json-new='{\"font-size\":\"desktop:20px;\",\"line-height\":\"\"}'  class=\"stats-text ult-responsive\" style=\"font-size:px; color:#ffffff; \">Miembros JCI<\/div><\/div><\/div>[\/vc_column][vc_column width=\u00bb1\/4&#8243;]<div class=\"stats-block stats-top  m-b \"><div class=\"aio-icon-top\"><div class=\"ult-just-icon-wrapper  \"><div class=\"align-icon\" style=\"text-align:center;\"><\/div><\/div><\/div><div class=\"stats-desc\" id=\"counter-responsv-wrap-2273\"><div id=\"counter_223830198269e4439988bd6\" data-id=\"counter_223830198269e4439988bd6\"  data-ultimate-target='#counter-responsv-wrap-2273 .stats-number'  data-responsive-json-new='{\"font-size\":\"desktop:50px;\",\"line-height\":\"\"}'  class=\"stats-number ult-responsive\" style=\" color:#ffffff; color:#ffffff;\" data-speed=\"3\" data-counter-value=\"5000\" data-separator=\",\" data-decimal=\".\">0<\/div><div class=\"counter_suffix mycust ult-responsive\"  data-ultimate-target='#counter-responsv-wrap-2273 .mycust'  data-responsive-json-new='{\"font-size\":\"desktop:50px;\",\"line-height\":\"\"}'  style=\" color:#ffffff\">+<\/div><div id=\"title-counter_223830198269e4439988bd6\"  data-ultimate-target='#counter-responsv-wrap-2273 .stats-text'  data-responsive-json-new='{\"font-size\":\"desktop:20px;\",\"line-height\":\"\"}'  class=\"stats-text ult-responsive\" style=\"font-size:px; color:#ffffff; \">Organizaciones Locales<\/div><\/div><\/div>[\/vc_column][vc_column width=\u00bb1\/4&#8243;]<div class=\"stats-block stats-top  m-b \"><div class=\"aio-icon-top\"><div class=\"ult-just-icon-wrapper  \"><div class=\"align-icon\" style=\"text-align:center;\"><\/div><\/div><\/div><div class=\"stats-desc\" id=\"counter-responsv-wrap-6008\"><div id=\"counter_151763062169e4439988ca2\" data-id=\"counter_151763062169e4439988ca2\"  data-ultimate-target='#counter-responsv-wrap-6008 .stats-number'  data-responsive-json-new='{\"font-size\":\"desktop:50px;\",\"line-height\":\"\"}'  class=\"stats-number ult-responsive\" style=\" color:#ffffff; color:#ffffff;\" data-speed=\"3\" data-counter-value=\"100\" data-separator=\",\" data-decimal=\".\">0<\/div><div class=\"counter_suffix mycust ult-responsive\"  data-ultimate-target='#counter-responsv-wrap-6008 .mycust'  data-responsive-json-new='{\"font-size\":\"desktop:50px;\",\"line-height\":\"\"}'  style=\" color:#ffffff\">+<\/div><div id=\"title-counter_151763062169e4439988ca2\"  data-ultimate-target='#counter-responsv-wrap-6008 .stats-text'  data-responsive-json-new='{\"font-size\":\"desktop:20px;\",\"line-height\":\"\"}'  class=\"stats-text ult-responsive\" style=\"font-size:px; color:#ffffff; \">Organizaciones Nacionales<\/div><\/div><\/div>[\/vc_column][\/vc_row]<\/p>\n<\/div>","protected":false},"excerpt":{"rendered":"<p>[vc_row][vc_column][\/vc_column][\/vc_row][vc_row][vc_column][vc_column_text] Puedes hacer tu donaci\u00f3n, depositando directamente a la cuenta corriente de la Organizaci\u00f3n C\u00e1mara Junior De La Ciudad de Panam\u00e1: [\/vc_column_text][vc_column_text] De igual manera puedes hacer tu donaci\u00f3n a trav\u00e9s de cheque a nombre de: C\u00e1mara Junior De La Ciudad de Panam\u00e1. Env\u00edanos una copia del dep\u00f3sito si requieres un recibo deducible de impuestos. [&hellip;]<\/p>\n","protected":false},"author":1,"featured_media":0,"parent":0,"menu_order":0,"comment_status":"closed","ping_status":"closed","template":"","meta":{"_exactmetrics_skip_tracking":false,"_exactmetrics_sitenote_active":false,"_exactmetrics_sitenote_note":"","_exactmetrics_sitenote_category":0,"footnotes":""},"class_list":["post-794","page","type-page","status-publish","hentry"],"_links":{"self":[{"href":"https:\/\/www.jcicdp.org\/es\/wp-json\/wp\/v2\/pages\/794","targetHints":{"allow":["GET"]}}],"collection":[{"href":"https:\/\/www.jcicdp.org\/es\/wp-json\/wp\/v2\/pages"}],"about":[{"href":"https:\/\/www.jcicdp.org\/es\/wp-json\/wp\/v2\/types\/page"}],"author":[{"embeddable":true,"href":"https:\/\/www.jcicdp.org\/es\/wp-json\/wp\/v2\/users\/1"}],"replies":[{"embeddable":true,"href":"https:\/\/www.jcicdp.org\/es\/wp-json\/wp\/v2\/comments?post=794"}],"version-history":[{"count":1,"href":"https:\/\/www.jcicdp.org\/es\/wp-json\/wp\/v2\/pages\/794\/revisions"}],"predecessor-version":[{"id":795,"href":"https:\/\/www.jcicdp.org\/es\/wp-json\/wp\/v2\/pages\/794\/revisions\/795"}],"wp:attachment":[{"href":"https:\/\/www.jcicdp.org\/es\/wp-json\/wp\/v2\/media?parent=794"}],"curies":[{"name":"wp","href":"https:\/\/api.w.org\/{rel}","templated":true}]}}