{"id":752,"date":"2018-08-30T14:08:47","date_gmt":"2018-08-30T14:08:47","guid":{"rendered":"http:\/\/www.jcicdp.org\/es\/?page_id=752"},"modified":"2024-07-02T16:05:38","modified_gmt":"2024-07-02T16:05:38","slug":"galeria-de-senadores","status":"publish","type":"page","link":"https:\/\/www.jcicdp.org\/es\/galeria-de-senadores\/","title":{"rendered":"Galer\u00eda de Senadores"},"content":{"rendered":"<div class=\"wpb-content-wrapper\"><p>[vc_row][vc_column]<div class=\"ult-spacer spacer-69e8b49f15243\" data-id=\"69e8b49f15243\" data-height=\"5\" data-height-mobile=\"5\" data-height-tab=\"5\" data-height-tab-portrait=\"5\" data-height-mobile-landscape=\"5\" style=\"clear:both;display:block;\"><\/div>[\/vc_column][\/vc_row][vc_row][vc_column][vc_single_image image=\u00bb864&#8243; img_size=\u00bbfull\u00bb alignment=\u00bbcenter\u00bb][\/vc_column][\/vc_row][vc_row][vc_column][vc_column_text]<\/p>\n<p style=\"text-align: justify;\">Cada miembro de la JCI tiene el potencial para convertirse en un Senador, porque todos los j\u00f3venes ciudadanos activos de la JCI ayudan a crear un cambio positivo. Los candidatos pueden ser ex Vicepresidentes Ejecutivos de la JCI o miembros de la JCI que nunca fueron electos a un cargo formal.<\/p>\n<p style=\"text-align: justify;\">Los miembros que realicen un gran trabajo por hacer un impacto y mejorar sus comunidades se destacan como candidatos obvios para uno de los m\u00e1s altos honores de la JCI. La Constituci\u00f3n de la JCI establece que la Senadur\u00eda ser\u00e1 otorgada a miembros \u201cpor haber rendido servicios destacados a la JCI\u201d. Los \u00fanicos otros requisitos establecidos por la Constituci\u00f3n de la JCI para ser candidatos al Senado son:<\/p>\n<ul>\n<li style=\"text-align: left;\">Tres a\u00f1os de membres\u00eda continua en cualquier nivel de la JCI.<\/li>\n<li style=\"text-align: left;\">Proporcionar un servicio excepcional a la organizaci\u00f3n.<\/li>\n<\/ul>\n<p>[\/vc_column_text]<div class=\"porto-blockquote wpb_content_element \"><blockquote class=\"  \"><p>\n<h4 style=\"text-align: center;\">\u00abUno no hace las cosas para convertirse en un Senador. En vez de ello, uno debe tratar de ser el mejor miembro posible de la JCI y de su organizaci\u00f3n local\u00bb.<br \/>\n&#8211;\u00a0Senador Peter Bakos JCI USA<\/h4>\n<p><\/p><\/blockquote><\/div>[vc_column_text]<\/p>\n<p style=\"text-align: justify;\">Ya que las Senadur\u00edas se otorgan a nivel local, la JCI alienta a las Organizaciones Locales a establecer sus propios criterios al momento de otorgarlas.<\/p>\n<p>[\/vc_column_text][\/vc_column][\/vc_row][vc_row][vc_column width=\u00bb1\/4&#8243;][\/vc_column][vc_column width=\u00bb1\/2&#8243;]<div class=\"ult_pricing_table_wrap ult_info_table ult_design_2  ult-cs-blue \">\n\t\t\t\t\t<div class=\"ult_pricing_table \" style=\" \"><div id=\"Info-table-wrap-4351\" class=\"ult_pricing_heading\" style=\"\">\n\t\t\t\t\t\t\t<h3 class=\"ult-responsive\"  data-ultimate-target='#Info-table-wrap-4351 h3'  data-responsive-json-new='{\"font-size\":\"\",\"line-height\":\"\"}'  style=\"font-weight:normal;\">Galer\u00eda de Senadores de la JCI De La Ciudad de Panam\u00e1<\/h3><\/div><!--ult_pricing_heading--><div id=\"info_table_features_wrap-1823\"  data-ultimate-target='#info_table_features_wrap-1823.ult_price_features'  data-responsive-json-new='{\"font-size\":\"\",\"line-height\":\"\"}'  class=\"ult-responsive ult_price_features\" style=\"font-weight:normal;\">\n\t\t\t\t\t\t\t<table border=\"0\" width=\"327\" cellspacing=\"0\" cellpadding=\"0\">\n<colgroup>\n<col width=\"65\" \/>\n<col width=\"197\" \/>\n<col width=\"65\" \/><\/colgroup>\n<tbody>\n<tr>\n<td class=\"xl69\" style=\"text-align: center;\" width=\"65\" height=\"15\"><strong>No<\/strong>.<\/td>\n<td class=\"xl63\" style=\"text-align: center;\" width=\"197\"><strong>Nombre\u00a0<\/strong><\/td>\n<td class=\"xl63\" style=\"text-align: center;\" width=\"65\"><strong>Senadur\u00eda<\/strong><\/td>\n<\/tr>\n<tr>\n<td class=\"xl69\" height=\"15\">1<\/td>\n<td class=\"xl65\" width=\"197\">Virgilio De Leon<\/td>\n<td class=\"xl67\" width=\"65\">1424<\/td>\n<\/tr>\n<tr>\n<td class=\"xl69\" height=\"15\">2<\/td>\n<td class=\"xl64\">Juan Monterrey<\/td>\n<td class=\"xl67\" width=\"65\">1425<\/td>\n<\/tr>\n<tr>\n<td class=\"xl69\" height=\"15\">3<\/td>\n<td class=\"xl64\">Adolfo Pinzon<\/td>\n<td class=\"xl67\" width=\"65\">1426<\/td>\n<\/tr>\n<tr>\n<td class=\"xl69\" height=\"15\">4<\/td>\n<td class=\"xl64\">Carlos Pinzon C<\/td>\n<td class=\"xl67\" width=\"65\">1427<\/td>\n<\/tr>\n<tr>\n<td class=\"xl69\" height=\"15\">5<\/td>\n<td class=\"xl64\">Francisco Noriega<\/td>\n<td class=\"xl67\" width=\"65\">1428<\/td>\n<\/tr>\n<tr>\n<td class=\"xl69\" height=\"15\">6<\/td>\n<td class=\"xl64\">Jose Abadi<\/td>\n<td class=\"xl67\" width=\"65\">1429<\/td>\n<\/tr>\n<tr>\n<td class=\"xl69\" height=\"15\">7<\/td>\n<td class=\"xl64\">Hildebrando Nicosia<\/td>\n<td class=\"xl67\" width=\"65\">3226<\/td>\n<\/tr>\n<tr>\n<td class=\"xl69\" height=\"15\">8<\/td>\n<td class=\"xl64\">Jose Quinzada<\/td>\n<td class=\"xl67\" width=\"65\">3699<\/td>\n<\/tr>\n<tr>\n<td class=\"xl69\" height=\"15\">9<\/td>\n<td class=\"xl64\">Juan Barrera Salamanca<\/td>\n<td class=\"xl67\" width=\"65\">4699<\/td>\n<\/tr>\n<tr>\n<td class=\"xl69\" height=\"15\">10<\/td>\n<td class=\"xl64\">Erasmo Chambonnet<\/td>\n<td class=\"xl67\" width=\"65\">5848<\/td>\n<\/tr>\n<tr>\n<td class=\"xl69\" height=\"15\">11<\/td>\n<td class=\"xl64\">Manuel De Jesus Sagel<\/td>\n<td class=\"xl67\" width=\"65\">6191<\/td>\n<\/tr>\n<tr>\n<td class=\"xl69\" height=\"15\">12<\/td>\n<td class=\"xl64\">Cesar Rodriguez M<\/td>\n<td class=\"xl67\" width=\"65\">10115<\/td>\n<\/tr>\n<tr>\n<td class=\"xl69\" height=\"15\">13<\/td>\n<td class=\"xl64\">Julio Ruiz<\/td>\n<td class=\"xl67\" width=\"65\">10141<\/td>\n<\/tr>\n<tr>\n<td class=\"xl69\" height=\"15\">14<\/td>\n<td class=\"xl64\">Domingo Barrios<\/td>\n<td class=\"xl67\" width=\"65\">11068<\/td>\n<\/tr>\n<tr>\n<td class=\"xl69\" height=\"15\">15<\/td>\n<td class=\"xl64\">Jose Espino<\/td>\n<td class=\"xl67\" width=\"65\">18421<\/td>\n<\/tr>\n<tr>\n<td class=\"xl69\" height=\"15\">16<\/td>\n<td class=\"xl64\">Alfredo Raveneau<\/td>\n<td class=\"xl67\" width=\"65\">20367<\/td>\n<\/tr>\n<tr>\n<td class=\"xl69\" height=\"15\">17<\/td>\n<td class=\"xl64\">Alberto Velasquez M<\/td>\n<td class=\"xl67\" width=\"65\">22826<\/td>\n<\/tr>\n<tr>\n<td class=\"xl69\" height=\"15\">18<\/td>\n<td class=\"xl64\">Camilo Lopez<\/td>\n<td class=\"xl67\" width=\"65\">22827<\/td>\n<\/tr>\n<tr>\n<td class=\"xl69\" height=\"15\">19<\/td>\n<td class=\"xl64\">Juan Garrido M<\/td>\n<td class=\"xl67\" width=\"65\">23315<\/td>\n<\/tr>\n<tr>\n<td class=\"xl69\" height=\"15\">20<\/td>\n<td class=\"xl64\">Carlos N Galvez<\/td>\n<td class=\"xl67\" width=\"65\">25548<\/td>\n<\/tr>\n<tr>\n<td class=\"xl69\" height=\"15\">21<\/td>\n<td class=\"xl64\">Jaime Jaspe<\/td>\n<td class=\"xl67\" width=\"65\">25549<\/td>\n<\/tr>\n<tr>\n<td class=\"xl69\" height=\"15\">22<\/td>\n<td class=\"xl64\">Guillermo Patterson<\/td>\n<td class=\"xl67\" width=\"65\">26550<\/td>\n<\/tr>\n<tr>\n<td class=\"xl69\" height=\"15\">23<\/td>\n<td class=\"xl64\">Aurelio Garcia<\/td>\n<td class=\"xl67\" width=\"65\">26551<\/td>\n<\/tr>\n<tr>\n<td class=\"xl69\" height=\"15\">24<\/td>\n<td class=\"xl64\">Franklin Raymores<\/td>\n<td class=\"xl67\" width=\"65\">27175<\/td>\n<\/tr>\n<tr>\n<td class=\"xl69\" height=\"15\">25<\/td>\n<td class=\"xl64\">Eduardo Jaspe R<\/td>\n<td class=\"xl67\" width=\"65\">28070<\/td>\n<\/tr>\n<tr>\n<td class=\"xl69\" height=\"15\">26<\/td>\n<td class=\"xl64\">Gilberto O Billingslea D<\/td>\n<td class=\"xl67\" width=\"65\">28071<\/td>\n<\/tr>\n<tr>\n<td class=\"xl69\" height=\"15\">27<\/td>\n<td class=\"xl64\">Luis Pimentel<\/td>\n<td class=\"xl67\" width=\"65\">28792<\/td>\n<\/tr>\n<tr>\n<td class=\"xl69\" height=\"15\">28<\/td>\n<td class=\"xl64\">Manuel Jaen<\/td>\n<td class=\"xl67\" width=\"65\">38642<\/td>\n<\/tr>\n<tr>\n<td class=\"xl69\" height=\"15\">29<\/td>\n<td class=\"xl64\">Miguel Ceballos Romero<\/td>\n<td class=\"xl67\" width=\"65\">40185<\/td>\n<\/tr>\n<tr>\n<td class=\"xl69\" height=\"15\">30<\/td>\n<td class=\"xl65\" width=\"197\">Wilson Rodriguez<\/td>\n<td class=\"xl67\" width=\"65\">40186<\/td>\n<\/tr>\n<tr>\n<td class=\"xl69\" height=\"15\">31<\/td>\n<td class=\"xl64\">Juan Franco Peralta<\/td>\n<td class=\"xl67\" width=\"65\">40187<\/td>\n<\/tr>\n<tr>\n<td class=\"xl69\" height=\"15\">32<\/td>\n<td class=\"xl64\">Luis De La Cruz E<\/td>\n<td class=\"xl67\" width=\"65\">41639<\/td>\n<\/tr>\n<tr>\n<td class=\"xl69\" height=\"15\">33<\/td>\n<td class=\"xl65\" width=\"197\">Ramiro Diaz Hoa<\/td>\n<td class=\"xl67\" width=\"65\">42216<\/td>\n<\/tr>\n<tr>\n<td class=\"xl69\" height=\"15\">34<\/td>\n<td class=\"xl64\">Gonzalo Justiniani R<\/td>\n<td class=\"xl67\" width=\"65\">43466<\/td>\n<\/tr>\n<tr>\n<td class=\"xl69\" height=\"15\">35<\/td>\n<td class=\"xl64\">Marcelo De Leon<\/td>\n<td class=\"xl67\" width=\"65\">45400<\/td>\n<\/tr>\n<tr>\n<td class=\"xl69\" height=\"15\">36<\/td>\n<td class=\"xl64\">Fernando Antonio Carreira Pitti<\/td>\n<td class=\"xl67\" width=\"65\">45450<\/td>\n<\/tr>\n<tr>\n<td class=\"xl69\" height=\"15\">37<\/td>\n<td class=\"xl64\">Anibal Illueca S<\/td>\n<td class=\"xl67\" width=\"65\">46448<\/td>\n<\/tr>\n<tr>\n<td class=\"xl69\" height=\"15\">38<\/td>\n<td class=\"xl64\">Lorenzo Romagosa Duran<\/td>\n<td class=\"xl67\" width=\"65\">46449<\/td>\n<\/tr>\n<tr>\n<td class=\"xl69\" height=\"15\">39<\/td>\n<td class=\"xl65\" width=\"197\">Rodrigo Arosemena<\/td>\n<td class=\"xl67\" width=\"65\">46450<\/td>\n<\/tr>\n<tr>\n<td class=\"xl69\" height=\"15\">40<\/td>\n<td class=\"xl64\">Francisco Carreira Pitti<\/td>\n<td class=\"xl67\" width=\"65\">46456<\/td>\n<\/tr>\n<tr>\n<td class=\"xl69\" height=\"15\">41<\/td>\n<td class=\"xl64\">Guillermo Qui\u00f1ones R<\/td>\n<td class=\"xl67\" width=\"65\">46705<\/td>\n<\/tr>\n<tr>\n<td class=\"xl69\" height=\"15\">42<\/td>\n<td class=\"xl64\">Gustavo Gordon Lay<\/td>\n<td class=\"xl67\" width=\"65\">46706<\/td>\n<\/tr>\n<tr>\n<td class=\"xl69\" height=\"15\">43<\/td>\n<td class=\"xl64\">Lorenzo Degracia Marcucci<\/td>\n<td class=\"xl67\" width=\"65\">48819<\/td>\n<\/tr>\n<tr>\n<td class=\"xl69\" height=\"28\">44<\/td>\n<td class=\"xl66\">Eric Omar Caballero<\/td>\n<td class=\"xl67\" width=\"65\">52191<\/td>\n<\/tr>\n<tr>\n<td class=\"xl69\" height=\"15\">45<\/td>\n<td class=\"xl64\">Jorge Jean Francois<\/td>\n<td class=\"xl67\" width=\"65\">52489<\/td>\n<\/tr>\n<tr>\n<td class=\"xl69\" height=\"15\">46<\/td>\n<td class=\"xl65\" width=\"197\">Roberto Sanchez<\/td>\n<td class=\"xl67\" width=\"65\">52539<\/td>\n<\/tr>\n<tr>\n<td class=\"xl69\" height=\"15\">47<\/td>\n<td class=\"xl64\">Alberto Tuy<\/td>\n<td class=\"xl67\" width=\"65\">54687<\/td>\n<\/tr>\n<tr>\n<td class=\"xl69\" height=\"15\">48<\/td>\n<td class=\"xl64\">Gabriel Omar Castro<\/td>\n<td class=\"xl67\" width=\"65\">58168<\/td>\n<\/tr>\n<tr>\n<td class=\"xl69\" height=\"15\">49<\/td>\n<td class=\"xl64\">Aladino Lugo<\/td>\n<td class=\"xl67\" width=\"65\">58625<\/td>\n<\/tr>\n<tr>\n<td class=\"xl69\" height=\"15\">50<\/td>\n<td class=\"xl64\">Manuel A. Barrios Valverde<\/td>\n<td class=\"xl67\" width=\"65\">62401<\/td>\n<\/tr>\n<tr>\n<td class=\"xl69\" height=\"15\">51<\/td>\n<td class=\"xl64\">Enrique Hurtado Llorach<\/td>\n<td class=\"xl67\" width=\"65\">63952<\/td>\n<\/tr>\n<tr>\n<td class=\"xl69\" height=\"15\">52<\/td>\n<td class=\"xl64\">Luis Carlos Cerrud<\/td>\n<td class=\"xl67\" width=\"65\">63953<\/td>\n<\/tr>\n<tr>\n<td class=\"xl69\" height=\"15\">53<\/td>\n<td class=\"xl64\">Jose Luis Melendez<\/td>\n<td class=\"xl67\" width=\"65\">63954<\/td>\n<\/tr>\n<tr>\n<td class=\"xl69\" height=\"15\">54<\/td>\n<td class=\"xl65\" width=\"197\">Julian Rivera Shelton<\/td>\n<td class=\"xl67\" width=\"65\">63955<\/td>\n<\/tr>\n<tr>\n<td class=\"xl69\" height=\"15\">55<\/td>\n<td class=\"xl64\">Harry Quinn<\/td>\n<td class=\"xl67\" width=\"65\">63956<\/td>\n<\/tr>\n<tr>\n<td class=\"xl69\" height=\"15\">56<\/td>\n<td class=\"xl64\">Luis Roberto Pinedo<\/td>\n<td class=\"xl67\" width=\"65\">63957<\/td>\n<\/tr>\n<tr>\n<td class=\"xl69\" height=\"15\">57<\/td>\n<td class=\"xl65\" width=\"197\">Ricaurter Mcklean<\/td>\n<td class=\"xl67\" width=\"65\">63958<\/td>\n<\/tr>\n<tr>\n<td class=\"xl69\" height=\"15\">58<\/td>\n<td class=\"xl65\" width=\"197\">Rafael Pino Pinto<\/td>\n<td class=\"xl67\" width=\"65\">64206<\/td>\n<\/tr>\n<tr>\n<td class=\"xl69\" height=\"15\">59<\/td>\n<td class=\"xl64\">Alfredo Montaner<\/td>\n<td class=\"xl67\" width=\"65\">65270<\/td>\n<\/tr>\n<tr>\n<td class=\"xl69\" height=\"15\">60<\/td>\n<td class=\"xl66\">Guido Rodriguez<\/td>\n<td class=\"xl67\" width=\"65\">67357<\/td>\n<\/tr>\n<tr>\n<td class=\"xl69\" height=\"15\">61<\/td>\n<td class=\"xl65\" width=\"197\">Yeliza Bernal<\/td>\n<td class=\"xl67\" width=\"65\">71678<\/td>\n<\/tr>\n<tr>\n<td class=\"xl69\" height=\"15\">62<\/td>\n<td class=\"xl65\" width=\"197\">Selene Nu\u00f1ez Antares<\/td>\n<td class=\"xl67\" width=\"65\">71739<\/td>\n<\/tr>\n<tr>\n<td class=\"xl69\" height=\"15\">63<\/td>\n<td class=\"xl65\" width=\"197\">Liz Linette Quintero de Quk<\/td>\n<td class=\"xl67\" width=\"65\">71740<\/td>\n<\/tr>\n<tr>\n<td class=\"xl69\" height=\"15\">64<\/td>\n<td class=\"xl65\" width=\"197\">Liliana Isabel Gord\u00f3n Bonilla<\/td>\n<td class=\"xl67\" width=\"65\">71741<\/td>\n<\/tr>\n<tr>\n<td class=\"xl69\" height=\"15\">65<\/td>\n<td class=\"xl65\" width=\"197\">Magda Ceballos<\/td>\n<td class=\"xl67\" width=\"65\">72338<\/td>\n<\/tr>\n<tr>\n<td class=\"xl69\" height=\"15\">66<\/td>\n<td class=\"xl65\" width=\"197\">Elka Stanziola de Izasa<\/td>\n<td class=\"xl67\" width=\"65\">72339<\/td>\n<\/tr>\n<tr>\n<td class=\"xl69\" height=\"15\">67<\/td>\n<td class=\"xl65\" width=\"197\">Zuleika Cordero Arrocha<\/td>\n<td class=\"xl67\" width=\"65\">72340<\/td>\n<\/tr>\n<tr>\n<td class=\"xl69\" height=\"15\">68<\/td>\n<td class=\"xl64\">Osvaldo Ayala<\/td>\n<td class=\"xl67\" width=\"65\">72341<\/td>\n<\/tr>\n<tr>\n<td class=\"xl69\" height=\"28\">69<\/td>\n<td class=\"xl66\">Edgardo Chung<\/td>\n<td class=\"xl68\">75204<\/td>\n<\/tr>\n<tr>\n<td class=\"xl69\" height=\"28\">70<\/td>\n<td class=\"xl66\">Javier Martinez<\/td>\n<td class=\"xl68\">76091<\/td>\n<\/tr>\n<tr>\n<td class=\"xl69\" height=\"15\">71<\/td>\n<td class=\"xl66\">Julia Abril<\/td>\n<td class=\"xl68\">77022<\/td>\n<\/tr>\n<tr>\n<td class=\"xl69\" height=\"15\">72<\/td>\n<td class=\"xl66\">Alberto Checa<\/td>\n<td class=\"xl68\">77023<\/td>\n<\/tr>\n<tr>\n<td class=\"xl69\" height=\"15\">73<\/td>\n<td class=\"xl66\">Pablo Barraza<\/td>\n<td class=\"xl68\">77024<\/td>\n<\/tr>\n<tr>\n<td class=\"xl69\" height=\"15\">74<\/td>\n<td class=\"xl64\">C\u00e9sar E. G\u00e1lvez<\/td>\n<td class=\"xl67\" width=\"65\"><\/td>\n<\/tr>\n<tr>\n<td class=\"xl69\" height=\"15\">75<\/td>\n<td class=\"xl64\">Franklin Rovira<\/td>\n<td class=\"xl67\" width=\"65\"><\/td>\n<\/tr>\n<tr>\n<td class=\"xl69\" height=\"15\">76<\/td>\n<td class=\"xl64\">Jenny \u00c1vila<\/td>\n<td class=\"xl67\" width=\"65\"><\/td>\n<\/tr>\n<tr>\n<td class=\"xl69\" height=\"15\">77<\/td>\n<td class=\"xl64\">Edwin Ruiz<\/td>\n<td class=\"xl67\" width=\"65\">79261<\/td>\n<\/tr>\n<\/tbody>\n<\/table>\n\n\t\t\t\t\t\t<\/div><!--ult_price_features--><div class=\"ult_clr\"><\/div>\n\t\t\t<\/div><!--pricing_table-->\n\t\t<\/div><!--pricing_table_wrap-->[\/vc_column][vc_column width=\u00bb1\/4&#8243;][\/vc_column][\/vc_row][vc_row][vc_column]<div class=\"ult-spacer spacer-69e8b49f16964\" data-id=\"69e8b49f16964\" data-height=\"15\" data-height-mobile=\"15\" data-height-tab=\"15\" data-height-tab-portrait=\"15\" data-height-mobile-landscape=\"15\" style=\"clear:both;display:block;\"><\/div>[vc_column_text]<\/p>\n<p style=\"text-align: justify;\">Los individuos honrados con la Senadur\u00eda de la JCI abrieron un nuevo cap\u00edtulo en sus carreras dentro de la JCI. Aunque los Senadores no son electos como funcionarios dentro de la JCI, la Senadur\u00eda trae consigo una responsabilidad ampliada.<\/p>\n<p style=\"text-align: justify;\">Los Senadores tienen la tarea de ayudar a ampliar y reforzar el impacto de la JCI al involucrar a m\u00e1s j\u00f3venes ciudadanos activos a la JCI. Al fomentar la participaci\u00f3n y proyectos, los Senadores marcan la importancia de crear un cambio positivo, mientras que ayudan a otros miembros a ser candidatos a Senadores de la JCI. Los Senadores eficaces promueven actividades entre los miembros.<\/p>\n<p style=\"text-align: justify;\">Los que alcanzan el t\u00edtulo de Senador tambi\u00e9n han ganado el derecho de relajarse y asesorar cuando sea necesario, dejando que la nueva generaci\u00f3n de los futuros candidatos al Senado se haga cargo de las operaciones diarias de las Organizaciones Locales. Una de las responsabilidades m\u00e1s importantes de los Senadores es fomentar el liderazgo independiente en los miembros de la JCI. Al actuar como un recurso de consulta para los miembros cuando sea necesario, los Senadores proporcionan un asesoramiento valioso para ayudar a los l\u00edderes actuales a seguir adelante con sus organizaciones.<\/p>\n<p>[\/vc_column_text]<div class=\"porto-blockquote wpb_content_element \"><blockquote class=\"  \"><p>\n<h4 style=\"text-align: center;\">\u00abSer un Senador de la JCI es un gran honor y permite compartir experiencias con nuestros pares de todo el mundo\u00bb.<\/h4>\n<p><\/p><\/blockquote><\/div>[\/vc_column][\/vc_row][vc_row][vc_column]<div class=\"ult-spacer spacer-69e8b49f16a9f\" data-id=\"69e8b49f16a9f\" data-height=\"5\" data-height-mobile=\"5\" data-height-tab=\"5\" data-height-tab-portrait=\"5\" data-height-mobile-landscape=\"5\" style=\"clear:both;display:block;\"><\/div>[\/vc_column][\/vc_row][vc_row full_width=\u00bbstretch_row\u00bb wrap_container=\u00bbyes\u00bb is_section=\u00bbyes\u00bb section_skin=\u00bbprimary\u00bb remove_margin_top=\u00bbyes\u00bb remove_margin_bottom=\u00bbyes\u00bb el_class=\u00bbp-b-xl\u00bb][vc_column width=\u00bb1\/4&#8243;]<div class=\"stats-block stats-top  m-b \"><div class=\"aio-icon-top\"><div class=\"ult-just-icon-wrapper  \"><div class=\"align-icon\" style=\"text-align:center;\"><\/div><\/div><\/div><div class=\"stats-desc\" id=\"counter-responsv-wrap-8061\"><div id=\"counter_40410305869e8b49f16ca3\" data-id=\"counter_40410305869e8b49f16ca3\"  data-ultimate-target='#counter-responsv-wrap-8061 .stats-number'  data-responsive-json-new='{\"font-size\":\"desktop:50px;\",\"line-height\":\"\"}'  class=\"stats-number ult-responsive\" style=\" color:#ffffff; color:#ffffff;\" data-speed=\"3\" data-counter-value=\"1\" data-separator=\",\" data-decimal=\".\">0<\/div><div id=\"title-counter_40410305869e8b49f16ca3\"  data-ultimate-target='#counter-responsv-wrap-8061 .stats-text'  data-responsive-json-new='{\"font-size\":\"desktop:20px;\",\"line-height\":\"\"}'  class=\"stats-text ult-responsive\" style=\"font-size:px; color:#ffffff; \">Misi\u00f3n y Visi\u00f3n JCI<\/div><\/div><\/div>[\/vc_column][vc_column width=\u00bb1\/4&#8243;]<div class=\"stats-block stats-top  m-b \"><div class=\"aio-icon-top\"><div class=\"ult-just-icon-wrapper  \"><div class=\"align-icon\" style=\"text-align:center;\"><\/div><\/div><\/div><div class=\"stats-desc\" id=\"counter-responsv-wrap-8146\"><div id=\"counter_185511106069e8b49f16d86\" data-id=\"counter_185511106069e8b49f16d86\"  data-ultimate-target='#counter-responsv-wrap-8146 .stats-number'  data-responsive-json-new='{\"font-size\":\"desktop:50px;\",\"line-height\":\"\"}'  class=\"stats-number ult-responsive\" style=\" color:#ffffff; color:#ffffff;\" data-speed=\"3\" data-counter-value=\"200000\" data-separator=\",\" data-decimal=\".\">0<\/div><div class=\"counter_suffix mycust ult-responsive\"  data-ultimate-target='#counter-responsv-wrap-8146 .mycust'  data-responsive-json-new='{\"font-size\":\"desktop:50px;\",\"line-height\":\"\"}'  style=\" color:#ffffff\">+<\/div><div id=\"title-counter_185511106069e8b49f16d86\"  data-ultimate-target='#counter-responsv-wrap-8146 .stats-text'  data-responsive-json-new='{\"font-size\":\"desktop:20px;\",\"line-height\":\"\"}'  class=\"stats-text ult-responsive\" style=\"font-size:px; color:#ffffff; \">Miembros JCI<\/div><\/div><\/div>[\/vc_column][vc_column width=\u00bb1\/4&#8243;]<div class=\"stats-block stats-top  m-b \"><div class=\"aio-icon-top\"><div class=\"ult-just-icon-wrapper  \"><div class=\"align-icon\" style=\"text-align:center;\"><\/div><\/div><\/div><div class=\"stats-desc\" id=\"counter-responsv-wrap-6135\"><div id=\"counter_362984353769e8b49f16e5b\" data-id=\"counter_362984353769e8b49f16e5b\"  data-ultimate-target='#counter-responsv-wrap-6135 .stats-number'  data-responsive-json-new='{\"font-size\":\"desktop:50px;\",\"line-height\":\"\"}'  class=\"stats-number ult-responsive\" style=\" color:#ffffff; color:#ffffff;\" data-speed=\"3\" data-counter-value=\"5000\" data-separator=\",\" data-decimal=\".\">0<\/div><div class=\"counter_suffix mycust ult-responsive\"  data-ultimate-target='#counter-responsv-wrap-6135 .mycust'  data-responsive-json-new='{\"font-size\":\"desktop:50px;\",\"line-height\":\"\"}'  style=\" color:#ffffff\">+<\/div><div id=\"title-counter_362984353769e8b49f16e5b\"  data-ultimate-target='#counter-responsv-wrap-6135 .stats-text'  data-responsive-json-new='{\"font-size\":\"desktop:20px;\",\"line-height\":\"\"}'  class=\"stats-text ult-responsive\" style=\"font-size:px; color:#ffffff; \">Organizaciones Locales<\/div><\/div><\/div>[\/vc_column][vc_column width=\u00bb1\/4&#8243;]<div class=\"stats-block stats-top  m-b \"><div class=\"aio-icon-top\"><div class=\"ult-just-icon-wrapper  \"><div class=\"align-icon\" style=\"text-align:center;\"><\/div><\/div><\/div><div class=\"stats-desc\" id=\"counter-responsv-wrap-7711\"><div id=\"counter_385169016969e8b49f16f32\" data-id=\"counter_385169016969e8b49f16f32\"  data-ultimate-target='#counter-responsv-wrap-7711 .stats-number'  data-responsive-json-new='{\"font-size\":\"desktop:50px;\",\"line-height\":\"\"}'  class=\"stats-number ult-responsive\" style=\" color:#ffffff; color:#ffffff;\" data-speed=\"3\" data-counter-value=\"100\" data-separator=\",\" data-decimal=\".\">0<\/div><div class=\"counter_suffix mycust ult-responsive\"  data-ultimate-target='#counter-responsv-wrap-7711 .mycust'  data-responsive-json-new='{\"font-size\":\"desktop:50px;\",\"line-height\":\"\"}'  style=\" color:#ffffff\">+<\/div><div id=\"title-counter_385169016969e8b49f16f32\"  data-ultimate-target='#counter-responsv-wrap-7711 .stats-text'  data-responsive-json-new='{\"font-size\":\"desktop:20px;\",\"line-height\":\"\"}'  class=\"stats-text ult-responsive\" style=\"font-size:px; color:#ffffff; \">Organizaciones Nacionales<\/div><\/div><\/div>[\/vc_column][\/vc_row]<\/p>\n<\/div>","protected":false},"excerpt":{"rendered":"<p>[vc_row][vc_column][\/vc_column][\/vc_row][vc_row][vc_column][vc_single_image image=\u00bb864&#8243; img_size=\u00bbfull\u00bb alignment=\u00bbcenter\u00bb][\/vc_column][\/vc_row][vc_row][vc_column][vc_column_text] Cada miembro de la JCI tiene el potencial para convertirse en un Senador, porque todos los j\u00f3venes ciudadanos activos de la JCI ayudan a crear un cambio positivo. Los candidatos pueden ser ex Vicepresidentes Ejecutivos de la JCI o miembros de la JCI que nunca fueron electos a un cargo formal. [&hellip;]<\/p>\n","protected":false},"author":1,"featured_media":0,"parent":0,"menu_order":0,"comment_status":"closed","ping_status":"closed","template":"","meta":{"_exactmetrics_skip_tracking":false,"_exactmetrics_sitenote_active":false,"_exactmetrics_sitenote_note":"","_exactmetrics_sitenote_category":0,"footnotes":""},"class_list":["post-752","page","type-page","status-publish","hentry"],"_links":{"self":[{"href":"https:\/\/www.jcicdp.org\/es\/wp-json\/wp\/v2\/pages\/752","targetHints":{"allow":["GET"]}}],"collection":[{"href":"https:\/\/www.jcicdp.org\/es\/wp-json\/wp\/v2\/pages"}],"about":[{"href":"https:\/\/www.jcicdp.org\/es\/wp-json\/wp\/v2\/types\/page"}],"author":[{"embeddable":true,"href":"https:\/\/www.jcicdp.org\/es\/wp-json\/wp\/v2\/users\/1"}],"replies":[{"embeddable":true,"href":"https:\/\/www.jcicdp.org\/es\/wp-json\/wp\/v2\/comments?post=752"}],"version-history":[{"count":25,"href":"https:\/\/www.jcicdp.org\/es\/wp-json\/wp\/v2\/pages\/752\/revisions"}],"predecessor-version":[{"id":1039,"href":"https:\/\/www.jcicdp.org\/es\/wp-json\/wp\/v2\/pages\/752\/revisions\/1039"}],"wp:attachment":[{"href":"https:\/\/www.jcicdp.org\/es\/wp-json\/wp\/v2\/media?parent=752"}],"curies":[{"name":"wp","href":"https:\/\/api.w.org\/{rel}","templated":true}]}}