{"id":729,"date":"2018-08-30T04:13:18","date_gmt":"2018-08-30T04:13:18","guid":{"rendered":"http:\/\/www.jcicdp.org\/es\/?page_id=729"},"modified":"2024-07-02T16:20:45","modified_gmt":"2024-07-02T16:20:45","slug":"galeria-de-presidentes","status":"publish","type":"page","link":"https:\/\/www.jcicdp.org\/es\/galeria-de-presidentes\/","title":{"rendered":"Galer\u00eda de Presidentes"},"content":{"rendered":"<div class=\"wpb-content-wrapper\"><p>[vc_row][vc_column]<div class=\"ult-spacer spacer-69e192db8da98\" data-id=\"69e192db8da98\" data-height=\"5\" data-height-mobile=\"5\" data-height-tab=\"5\" data-height-tab-portrait=\"5\" data-height-mobile-landscape=\"5\" style=\"clear:both;display:block;\"><\/div>[\/vc_column][\/vc_row][vc_row][vc_column][vc_column_text]<\/p>\n<p style=\"text-align: justify;\">El \u00e9xito de cada Organizaci\u00f3n Local y, por tanto, de toda la organizaci\u00f3n, depende mucho de su presidente local, quien afronta al mismo tiempo un desaf\u00edo y una oportunidad.\u00a0El desaf\u00edo es el de justificar la fe que los miembros han tenido en \u00e9l al elegirle para que desempe\u00f1e el cargo y la oportunidad es la de lograr los resultados de sus esfuerzos.<\/p>\n<p style=\"text-align: justify;\">Un buen presidente local lograr\u00e1 que el p\u00fablico llegue a respetar cada vez m\u00e1s a la Organizaci\u00f3n Local, y que los miembros aumenten en n\u00famero y se sientan orgullosos de estar asociados con una gran organizaci\u00f3n.<\/p>\n<p style=\"text-align: justify;\">A continuaci\u00f3n cada uno de nuestros Presidentes Locales, funcionario m\u00e1s importante de la <strong>JCI De La Ciudad de Panam\u00e1<\/strong>:<\/p>\n<p>[\/vc_column_text][\/vc_column][\/vc_row][vc_row][vc_column width=\u00bb1\/4&#8243;][\/vc_column][vc_column width=\u00bb1\/2&#8243;]<div class=\"ult_pricing_table_wrap ult_info_table ult_design_2  ult-cs-blue \">\n\t\t\t\t\t<div class=\"ult_pricing_table \" style=\" \"><div id=\"Info-table-wrap-3896\" class=\"ult_pricing_heading\" style=\"\">\n\t\t\t\t\t\t\t<h3 class=\"ult-responsive\"  data-ultimate-target='#Info-table-wrap-3896 h3'  data-responsive-json-new='{\"font-size\":\"\",\"line-height\":\"\"}'  style=\"font-weight:normal;\">Galer\u00eda de Presidentes<\/h3><\/div><!--ult_pricing_heading--><div id=\"info_table_features_wrap-7067\"  data-ultimate-target='#info_table_features_wrap-7067.ult_price_features'  data-responsive-json-new='{\"font-size\":\"\",\"line-height\":\"\"}'  class=\"ult-responsive ult_price_features\" style=\"font-weight:normal;\">\n\t\t\t\t\t\t\t<table>\n<tbody>\n<tr>\n<td width=\"331\"><em><strong>NOMBRE<\/strong><\/em><\/td>\n<td width=\"117\"><em><strong>A\u00d1O<\/strong><\/em><\/td>\n<\/tr>\n<tr>\n<td width=\"331\"><strong>Erasmo Chambonett<\/strong><\/td>\n<td width=\"117\"><strong>1943<\/strong><\/td>\n<\/tr>\n<tr>\n<td width=\"331\"><strong>Rodrigo Arosemena<\/strong><\/td>\n<td width=\"117\">1944-1945<\/td>\n<\/tr>\n<tr>\n<td width=\"331\"><strong>Juan Jos\u00e9 Carrido<\/strong><\/td>\n<td width=\"117\">1945-1946<\/td>\n<\/tr>\n<tr>\n<td width=\"331\"><strong>Severnino Pariente S\u00e1en<\/strong><\/td>\n<td width=\"117\">1946-1947<\/td>\n<\/tr>\n<tr>\n<td width=\"331\"><strong>Lorenzo Ramagoza<\/strong><\/td>\n<td width=\"117\">1947-1948<\/td>\n<\/tr>\n<tr>\n<td width=\"331\"><strong>Juan A. Monterrey<\/strong><\/td>\n<td width=\"117\">1948 &#8211; 1949<\/td>\n<\/tr>\n<tr>\n<td width=\"331\"><strong>Hildebrando Nicosia O.<\/strong><\/td>\n<td width=\"117\">1949-1950<\/td>\n<\/tr>\n<tr>\n<td width=\"331\"><strong>Tomas Paredes<\/strong><\/td>\n<td width=\"117\">1950-1951<\/td>\n<\/tr>\n<tr>\n<td width=\"331\"><strong>Virgilio De Le\u00f3n<\/strong><\/td>\n<td width=\"117\">1951-1952<\/td>\n<\/tr>\n<tr>\n<td width=\"331\"><strong>Jos\u00e9 A. Quinzada<\/strong><\/td>\n<td width=\"117\">1952-1953<\/td>\n<\/tr>\n<tr>\n<td width=\"331\"><strong>Hildebrando Nicosia P.<\/strong><\/td>\n<td width=\"117\">1953-1954<\/td>\n<\/tr>\n<tr>\n<td width=\"331\"><strong>Adolfo Pinz\u00f3n<\/strong><\/td>\n<td width=\"117\">1954-1955<\/td>\n<\/tr>\n<tr>\n<td width=\"331\"><strong>Carlos A. Pinz\u00f3n<\/strong><\/td>\n<td width=\"117\">1955-1956<\/td>\n<\/tr>\n<tr>\n<td width=\"331\"><strong>Mauro Pardo<\/strong><\/td>\n<td width=\"117\">1956-1957<\/td>\n<\/tr>\n<tr>\n<td width=\"331\"><strong>Francisco Denis<\/strong><\/td>\n<td width=\"117\">1958-1959<\/td>\n<\/tr>\n<tr>\n<td width=\"331\"><strong>Joaqu\u00edn P. Franco<\/strong><\/td>\n<td width=\"117\">1959=1960<\/td>\n<\/tr>\n<tr>\n<td width=\"331\"><strong>Jos\u00e9 A. Quinzada<\/strong><\/td>\n<td width=\"117\">1960-1961<\/td>\n<\/tr>\n<tr>\n<td width=\"331\"><strong>Miguel A. Samaniego<\/strong><\/td>\n<td width=\"117\">1961-1962<\/td>\n<\/tr>\n<tr>\n<td width=\"331\"><strong>Juan A. Barrera S.<\/strong><\/td>\n<td width=\"117\">1962-1963<\/td>\n<\/tr>\n<tr>\n<td width=\"331\"><strong>Leopoldo Arosemena<\/strong><\/td>\n<td width=\"117\">1963-1964<\/td>\n<\/tr>\n<tr>\n<td width=\"331\"><strong>Gilberto Binlislea<\/strong><\/td>\n<td width=\"117\">1964-1965<\/td>\n<\/tr>\n<tr>\n<td width=\"331\"><strong>Manuel Sagel<\/strong><\/td>\n<td width=\"117\">1965-1966<\/td>\n<\/tr>\n<tr>\n<td width=\"331\"><strong>Julio Ru\u00edz<\/strong><\/td>\n<td width=\"117\">1966-1967<\/td>\n<\/tr>\n<tr>\n<td width=\"331\"><strong>Juan A. Berrera S.<\/strong><\/td>\n<td width=\"117\">1967-1968<\/td>\n<\/tr>\n<tr>\n<td width=\"331\"><strong>Juan A. Rivera<\/strong><\/td>\n<td width=\"117\">1968-1969<\/td>\n<\/tr>\n<tr>\n<td width=\"331\"><strong>Jos\u00e9 B. Espino<\/strong><\/td>\n<td width=\"117\">1969-1970<\/td>\n<\/tr>\n<tr>\n<td width=\"331\"><strong>Rolando Arroyo<\/strong><\/td>\n<td width=\"117\">1972<\/td>\n<\/tr>\n<tr>\n<td width=\"331\"><strong>Amador Olive<\/strong><\/td>\n<td width=\"117\">1973<\/td>\n<\/tr>\n<tr>\n<td width=\"331\"><strong>Alberto Vel\u00e1squez<\/strong><\/td>\n<td width=\"117\">1974<\/td>\n<\/tr>\n<tr>\n<td width=\"331\"><strong>Eduardo Jaspe<\/strong><\/td>\n<td width=\"117\">1975<\/td>\n<\/tr>\n<tr>\n<td width=\"331\"><strong>Guillermo Paterson<\/strong><\/td>\n<td width=\"117\">1976<\/td>\n<\/tr>\n<tr>\n<td width=\"331\"><strong>Agust\u00edn C\u00e1ceres V.<\/strong><\/td>\n<td width=\"117\">1977<\/td>\n<\/tr>\n<tr>\n<td width=\"331\"><strong>Aurelio Garc\u00eda Ch.<\/strong><\/td>\n<td width=\"117\">1978<\/td>\n<\/tr>\n<tr>\n<td width=\"331\"><strong>Luis A. Pimentel<\/strong><\/td>\n<td width=\"117\">1979<\/td>\n<\/tr>\n<tr>\n<td width=\"331\"><strong>Roberto S\u00e1nchez<\/strong><\/td>\n<td width=\"117\">1980<\/td>\n<\/tr>\n<tr>\n<td width=\"331\"><strong>Wilson Rodr\u00edguez<\/strong><\/td>\n<td width=\"117\">1981<\/td>\n<\/tr>\n<tr>\n<td width=\"331\"><strong>Fernando Carreira<\/strong><\/td>\n<td width=\"117\">1982<\/td>\n<\/tr>\n<tr>\n<td width=\"331\"><strong>Ramiro D\u00edaz Hoa<\/strong><\/td>\n<td width=\"117\">1983<\/td>\n<\/tr>\n<tr>\n<td width=\"331\"><strong>Juan Jos\u00e9 Franco<\/strong><\/td>\n<td width=\"117\">1984<\/td>\n<\/tr>\n<tr>\n<td width=\"331\"><strong>Luis De La Cruz<\/strong><\/td>\n<td width=\"117\">1985<\/td>\n<\/tr>\n<tr>\n<td width=\"331\"><strong>Alberto Tuy<\/strong><\/td>\n<td width=\"117\">1986<\/td>\n<\/tr>\n<tr>\n<td width=\"331\"><strong>Gonzalo A. Justiniani R.<\/strong><\/td>\n<td width=\"117\">1987<\/td>\n<\/tr>\n<tr>\n<td width=\"331\"><strong>Guillermo Qui\u00f1onez R.<\/strong><\/td>\n<td width=\"117\">1988<\/td>\n<\/tr>\n<tr>\n<td width=\"331\"><strong>Jorge Jean Francois<\/strong><\/td>\n<td width=\"117\">1989<\/td>\n<\/tr>\n<tr>\n<td width=\"331\"><strong>Gustavo Gord\u00f3n Lay<\/strong><\/td>\n<td width=\"117\">1990<\/td>\n<\/tr>\n<tr>\n<td width=\"331\"><strong>Eric Omar Caballero B.<\/strong><\/td>\n<td width=\"117\">1991<\/td>\n<\/tr>\n<tr>\n<td width=\"331\"><strong>C\u00e9sar G\u00e1lvez<\/strong><\/td>\n<td width=\"117\">1992<\/td>\n<\/tr>\n<tr>\n<td width=\"331\"><strong>Gabriel Castro<\/strong><\/td>\n<td width=\"117\">1993<\/td>\n<\/tr>\n<tr>\n<td width=\"331\"><strong>Aladino Lugo<\/strong><\/td>\n<td width=\"117\">1994<\/td>\n<\/tr>\n<tr>\n<td width=\"331\"><strong>Manuel Barrios<\/strong><\/td>\n<td width=\"117\">1995<\/td>\n<\/tr>\n<tr>\n<td width=\"331\"><strong>Omar S\u00e1enz<\/strong><\/td>\n<td width=\"117\">1996<\/td>\n<\/tr>\n<tr>\n<td width=\"331\"><strong>Manuel Burgos<\/strong><\/td>\n<td width=\"117\">1997<\/td>\n<\/tr>\n<tr>\n<td width=\"331\"><strong>Ricaurte McClean<\/strong><\/td>\n<td width=\"117\">1998<\/td>\n<\/tr>\n<tr>\n<td width=\"331\"><strong>Jenny \u00c1vila H.<\/strong><\/td>\n<td width=\"117\">1999<\/td>\n<\/tr>\n<tr>\n<td width=\"331\"><strong>Rafa\u00e9l Pino Pinto<\/strong><\/td>\n<td width=\"117\">2000<\/td>\n<\/tr>\n<tr>\n<td width=\"331\"><strong>Yelissa Bernal<\/strong><\/td>\n<td width=\"117\">2001<\/td>\n<\/tr>\n<tr>\n<td width=\"331\"><strong>Javier Mart\u00ednez<\/strong><\/td>\n<td width=\"117\">2002<\/td>\n<\/tr>\n<tr>\n<td width=\"331\"><strong>Magda Ceballos<\/strong><\/td>\n<td width=\"117\">2003<\/td>\n<\/tr>\n<tr>\n<td width=\"331\"><strong>Liliana Gord\u00f3n<\/strong><\/td>\n<td width=\"117\">2004<\/td>\n<\/tr>\n<tr>\n<td width=\"331\"><strong>Liz Quintero<\/strong><\/td>\n<td width=\"117\">2005<\/td>\n<\/tr>\n<tr>\n<td width=\"331\"><strong>Zuleika Cordero<\/strong><\/td>\n<td width=\"117\">2006<\/td>\n<\/tr>\n<tr>\n<td width=\"331\"><strong>Edgardo Chung<\/strong><\/td>\n<td width=\"117\">2007<\/td>\n<\/tr>\n<tr>\n<td width=\"331\"><strong>Selene A. N\u00fa\u00f1ez C.<\/strong><\/td>\n<td width=\"117\">2008<\/td>\n<\/tr>\n<tr>\n<td width=\"331\"><strong>Pablo Barraza A.<\/strong><\/td>\n<td width=\"117\">2009<\/td>\n<\/tr>\n<tr>\n<td width=\"331\"><strong>Elka Stanziola<\/strong><\/td>\n<td width=\"117\">2010<\/td>\n<\/tr>\n<tr>\n<td width=\"331\"><strong>Rafael Oroc\u00fa (Q.E.P.D.)<br \/>\nCaroline Gonzalez<\/strong><\/td>\n<td width=\"117\">2011<\/td>\n<\/tr>\n<tr>\n<td width=\"331\"><strong>Jorge Otto Gamboa<\/strong><\/td>\n<td width=\"117\">2012<\/td>\n<\/tr>\n<tr>\n<td width=\"331\"><strong>Alberto A. Checa G.<\/strong><\/td>\n<td width=\"117\">2013<\/td>\n<\/tr>\n<tr>\n<td width=\"331\"><strong>Jonathan Van Gray<\/strong><\/td>\n<td width=\"117\">2014<\/td>\n<\/tr>\n<tr>\n<td width=\"331\"><strong>John De Le\u00f3n<\/strong><\/td>\n<td width=\"117\">2015<\/td>\n<\/tr>\n<tr>\n<td width=\"331\"><strong>Jonathan Van Gray<\/strong><\/td>\n<td width=\"117\">2016<\/td>\n<\/tr>\n<tr>\n<td width=\"331\"><strong>Edwin A. Ruiz E.<\/strong><\/td>\n<td width=\"117\">2017<\/td>\n<\/tr>\n<tr>\n<td width=\"331\"><strong>Zelly Aranda <\/strong><\/td>\n<td width=\"117\">2018<\/td>\n<\/tr>\n<tr>\n<td width=\"331\"><strong>Betsy C\u00f3rdoba <\/strong><\/td>\n<td width=\"117\">2019<\/td>\n<\/tr>\n<tr>\n<td width=\"331\"><strong>Edward A. Ruiz E. <\/strong><\/td>\n<td width=\"117\">2020<\/td>\n<\/tr>\n<tr>\n<td width=\"331\"><strong>Melanie Bermudez<\/strong><\/td>\n<td width=\"117\">2021<\/td>\n<\/tr>\n<tr>\n<td width=\"331\"><strong>Laurie Castillo<\/strong><\/td>\n<td width=\"117\">2022<\/td>\n<\/tr>\n<tr>\n<td width=\"331\"><strong>Yesenia Vargas<\/strong><\/td>\n<td width=\"117\">2023-2024<\/td>\n<\/tr>\n<\/tbody>\n<\/table>\n\n\t\t\t\t\t\t<\/div><!--ult_price_features--><div class=\"ult_clr\"><\/div>\n\t\t\t<\/div><!--pricing_table-->\n\t\t<\/div><!--pricing_table_wrap-->[\/vc_column][vc_column width=\u00bb1\/4&#8243;][\/vc_column][\/vc_row][vc_row][vc_column]<div class=\"ult-spacer spacer-69e192db8e6d9\" data-id=\"69e192db8e6d9\" data-height=\"20\" data-height-mobile=\"20\" data-height-tab=\"20\" data-height-tab-portrait=\"20\" data-height-mobile-landscape=\"20\" style=\"clear:both;display:block;\"><\/div>[\/vc_column][\/vc_row][vc_row full_width=\u00bbstretch_row\u00bb wrap_container=\u00bbyes\u00bb is_section=\u00bbyes\u00bb section_skin=\u00bbprimary\u00bb remove_margin_top=\u00bbyes\u00bb remove_margin_bottom=\u00bbyes\u00bb el_class=\u00bbp-b-xl\u00bb][vc_column width=\u00bb1\/4&#8243;]<div class=\"stats-block stats-top  m-b \"><div class=\"aio-icon-top\"><div class=\"ult-just-icon-wrapper  \"><div class=\"align-icon\" style=\"text-align:center;\"><\/div><\/div><\/div><div class=\"stats-desc\" id=\"counter-responsv-wrap-7594\"><div id=\"counter_416438254169e192db8e852\" data-id=\"counter_416438254169e192db8e852\"  data-ultimate-target='#counter-responsv-wrap-7594 .stats-number'  data-responsive-json-new='{\"font-size\":\"desktop:50px;\",\"line-height\":\"\"}'  class=\"stats-number ult-responsive\" style=\" color:#ffffff; color:#ffffff;\" data-speed=\"3\" data-counter-value=\"1\" data-separator=\",\" data-decimal=\".\">0<\/div><div id=\"title-counter_416438254169e192db8e852\"  data-ultimate-target='#counter-responsv-wrap-7594 .stats-text'  data-responsive-json-new='{\"font-size\":\"desktop:20px;\",\"line-height\":\"\"}'  class=\"stats-text ult-responsive\" style=\"font-size:px; color:#ffffff; \">Misi\u00f3n y Visi\u00f3n JCI<\/div><\/div><\/div>[\/vc_column][vc_column width=\u00bb1\/4&#8243;]<div class=\"stats-block stats-top  m-b \"><div class=\"aio-icon-top\"><div class=\"ult-just-icon-wrapper  \"><div class=\"align-icon\" style=\"text-align:center;\"><\/div><\/div><\/div><div class=\"stats-desc\" id=\"counter-responsv-wrap-4599\"><div id=\"counter_8219273469e192db8e917\" data-id=\"counter_8219273469e192db8e917\"  data-ultimate-target='#counter-responsv-wrap-4599 .stats-number'  data-responsive-json-new='{\"font-size\":\"desktop:50px;\",\"line-height\":\"\"}'  class=\"stats-number ult-responsive\" style=\" color:#ffffff; color:#ffffff;\" data-speed=\"3\" data-counter-value=\"200000\" data-separator=\",\" data-decimal=\".\">0<\/div><div class=\"counter_suffix mycust ult-responsive\"  data-ultimate-target='#counter-responsv-wrap-4599 .mycust'  data-responsive-json-new='{\"font-size\":\"desktop:50px;\",\"line-height\":\"\"}'  style=\" color:#ffffff\">+<\/div><div id=\"title-counter_8219273469e192db8e917\"  data-ultimate-target='#counter-responsv-wrap-4599 .stats-text'  data-responsive-json-new='{\"font-size\":\"desktop:20px;\",\"line-height\":\"\"}'  class=\"stats-text ult-responsive\" style=\"font-size:px; color:#ffffff; \">Miembros JCI<\/div><\/div><\/div>[\/vc_column][vc_column width=\u00bb1\/4&#8243;]<div class=\"stats-block stats-top  m-b \"><div class=\"aio-icon-top\"><div class=\"ult-just-icon-wrapper  \"><div class=\"align-icon\" style=\"text-align:center;\"><\/div><\/div><\/div><div class=\"stats-desc\" id=\"counter-responsv-wrap-7356\"><div id=\"counter_306872036269e192db8e9e6\" data-id=\"counter_306872036269e192db8e9e6\"  data-ultimate-target='#counter-responsv-wrap-7356 .stats-number'  data-responsive-json-new='{\"font-size\":\"desktop:50px;\",\"line-height\":\"\"}'  class=\"stats-number ult-responsive\" style=\" color:#ffffff; color:#ffffff;\" data-speed=\"3\" data-counter-value=\"5000\" data-separator=\",\" data-decimal=\".\">0<\/div><div class=\"counter_suffix mycust ult-responsive\"  data-ultimate-target='#counter-responsv-wrap-7356 .mycust'  data-responsive-json-new='{\"font-size\":\"desktop:50px;\",\"line-height\":\"\"}'  style=\" color:#ffffff\">+<\/div><div id=\"title-counter_306872036269e192db8e9e6\"  data-ultimate-target='#counter-responsv-wrap-7356 .stats-text'  data-responsive-json-new='{\"font-size\":\"desktop:20px;\",\"line-height\":\"\"}'  class=\"stats-text ult-responsive\" style=\"font-size:px; color:#ffffff; \">Organizaciones Locales<\/div><\/div><\/div>[\/vc_column][vc_column width=\u00bb1\/4&#8243;]<div class=\"stats-block stats-top  m-b \"><div class=\"aio-icon-top\"><div class=\"ult-just-icon-wrapper  \"><div class=\"align-icon\" style=\"text-align:center;\"><\/div><\/div><\/div><div class=\"stats-desc\" id=\"counter-responsv-wrap-6226\"><div id=\"counter_133677460569e192db8eaa5\" data-id=\"counter_133677460569e192db8eaa5\"  data-ultimate-target='#counter-responsv-wrap-6226 .stats-number'  data-responsive-json-new='{\"font-size\":\"desktop:50px;\",\"line-height\":\"\"}'  class=\"stats-number ult-responsive\" style=\" color:#ffffff; color:#ffffff;\" data-speed=\"3\" data-counter-value=\"100\" data-separator=\",\" data-decimal=\".\">0<\/div><div class=\"counter_suffix mycust ult-responsive\"  data-ultimate-target='#counter-responsv-wrap-6226 .mycust'  data-responsive-json-new='{\"font-size\":\"desktop:50px;\",\"line-height\":\"\"}'  style=\" color:#ffffff\">+<\/div><div id=\"title-counter_133677460569e192db8eaa5\"  data-ultimate-target='#counter-responsv-wrap-6226 .stats-text'  data-responsive-json-new='{\"font-size\":\"desktop:20px;\",\"line-height\":\"\"}'  class=\"stats-text ult-responsive\" style=\"font-size:px; color:#ffffff; \">Organizaciones Nacionales<\/div><\/div><\/div>[\/vc_column][\/vc_row]<\/p>\n<\/div>","protected":false},"excerpt":{"rendered":"<p>[vc_row][vc_column][\/vc_column][\/vc_row][vc_row][vc_column][vc_column_text] El \u00e9xito de cada Organizaci\u00f3n Local y, por tanto, de toda la organizaci\u00f3n, depende mucho de su presidente local, quien afronta al mismo tiempo un desaf\u00edo y una oportunidad.\u00a0El desaf\u00edo es el de justificar la fe que los miembros han tenido en \u00e9l al elegirle para que desempe\u00f1e el cargo y la oportunidad es [&hellip;]<\/p>\n","protected":false},"author":1,"featured_media":0,"parent":0,"menu_order":0,"comment_status":"closed","ping_status":"closed","template":"","meta":{"_exactmetrics_skip_tracking":false,"_exactmetrics_sitenote_active":false,"_exactmetrics_sitenote_note":"","_exactmetrics_sitenote_category":0,"footnotes":""},"class_list":["post-729","page","type-page","status-publish","hentry"],"_links":{"self":[{"href":"https:\/\/www.jcicdp.org\/es\/wp-json\/wp\/v2\/pages\/729","targetHints":{"allow":["GET"]}}],"collection":[{"href":"https:\/\/www.jcicdp.org\/es\/wp-json\/wp\/v2\/pages"}],"about":[{"href":"https:\/\/www.jcicdp.org\/es\/wp-json\/wp\/v2\/types\/page"}],"author":[{"embeddable":true,"href":"https:\/\/www.jcicdp.org\/es\/wp-json\/wp\/v2\/users\/1"}],"replies":[{"embeddable":true,"href":"https:\/\/www.jcicdp.org\/es\/wp-json\/wp\/v2\/comments?post=729"}],"version-history":[{"count":24,"href":"https:\/\/www.jcicdp.org\/es\/wp-json\/wp\/v2\/pages\/729\/revisions"}],"predecessor-version":[{"id":1041,"href":"https:\/\/www.jcicdp.org\/es\/wp-json\/wp\/v2\/pages\/729\/revisions\/1041"}],"wp:attachment":[{"href":"https:\/\/www.jcicdp.org\/es\/wp-json\/wp\/v2\/media?parent=729"}],"curies":[{"name":"wp","href":"https:\/\/api.w.org\/{rel}","templated":true}]}}