{"id":55,"date":"2016-06-13T15:48:45","date_gmt":"2016-06-13T15:48:45","guid":{"rendered":"http:\/\/sw-themes.com\/porto_dummy\/?page_id=55"},"modified":"2024-04-20T19:59:28","modified_gmt":"2024-04-20T19:59:28","slug":"conocenos","status":"publish","type":"page","link":"https:\/\/www.jcicdp.org\/es\/conocenos\/","title":{"rendered":"Con\u00f3cenos"},"content":{"rendered":"<div class=\"wpb-content-wrapper\"><p>[vc_row][vc_column]<div class=\"ult-spacer spacer-69f202a4e0155\" data-id=\"69f202a4e0155\" data-height=\"5\" data-height-mobile=\"5\" data-height-tab=\"5\" data-height-tab-portrait=\"5\" data-height-mobile-landscape=\"5\" style=\"clear:both;display:block;\"><\/div>[\/vc_column][\/vc_row][vc_row][vc_column][vc_video link=\u00bbhttps:\/\/youtu.be\/yLJaseO8NUI\u00bb el_width=\u00bb50&#8243; align=\u00bbcenter\u00bb css=\u00bb.vc_custom_1471820630479{margin-top: 10px !important;}\u00bb][\/vc_column][\/vc_row][vc_row wrap_container=\u00bbyes\u00bb el_class=\u00bbp-b-lg\u00bb][vc_column]<h2 id=\"uvc-type-wrap-6375\"  data-ultimate-target='#uvc-type-wrap-6375'  data-responsive-json-new='{\"font-size\":\"\",\"line-height\":\"desktop:46px;\"}'  class=\"uvc-type-wrap  ult-adjust-bottom-margin ult-responsive short m-t-l uvc-type-align-left  uvc-wrap-89321281669f202a4e01ea\" style=\"text-align:left;\"><span  data-ultimate-target='#uvc-type-wrap-6375 .mycustfancy'  data-responsive-json-new='{\"font-size\":\"\",\"line-height\":\"\"}'  class=\"ultimate-ticker-prefix mycustfancy ult-responsive\" style=\"font-weight:normal; text-transform: unset;\">Somos la JCI. Conoce nuestra<\/span><div id=\"vticker-89321281669f202a4e01ea\"  data-ultimate-target=&#039;#uvc-type-wrap-6375&#039;  data-responsive-json-new=&#039;{&quot;font-size&quot;:&quot;&quot;,&quot;line-height&quot;:&quot;desktop:46px;&quot;}&#039;  class=\"ultimate-vticker ticker fancytext-background-enabled \" style=\"color:#ffffff;background:#0088cc; font-family:&#039;Open Sans&#039;;font-weight:300; text-transform: unset;\"><ul><li style=&quot;opacity:1&quot;>historia.<\/li><li style=&quot;opacity:0&quot;>experiencia.<\/li><li style=&quot;opacity:0&quot;>progreso.<\/li><\/ul><\/div><script type=\"text\/javascript\">\n\t\t\t\t\t\tjQuery(function($){\n\t\t\t\t\t\t\t$(document).ready(function(){\n\t\t\t\t\t\t\t\tif( typeof jQuery(\"#vticker-89321281669f202a4e01ea\").easyTicker == \"function\"){\n\t\t\t\t\t\t\t\t\t$(\"#vticker-89321281669f202a4e01ea\").find(\"li\").css(\"opacity\",\"1\");\n\t\t\t\t\t\t\t\t\t\n\t\t\t\t\t\t\t\t\t$(\"#vticker-89321281669f202a4e01ea\").easyTicker({\n\t\t\t\t\t\t\t\t\t\tdirection: \"up\",\n\t\t\t\t\t\t\t\t\t\teasing: \"swing\",\n\t\t\t\t\t\t\t\t\t\tspeed: \"200\",\n\t\t\t\t\t\t\t\t\t\tinterval: \"3000\",\n\t\t\t\t\t\t\t\t\t\theight: \"auto\",\n\t\t\t\t\t\t\t\t\t\tvisible: \"1\",\n\t\t\t\t\t\t\t\t\t\tmousePause: \"0\",\n\t\t\t\t\t\t\t\t\t\tcontrols: {\n\t\t\t\t\t\t\t\t\t\t\tup: \"\",\n\t\t\t\t\t\t\t\t\t\t\tdown: \"\",\n\t\t\t\t\t\t\t\t\t\t\ttoggle: \"\",\n\t\t\t\t\t\t\t\t\t\t\tplayText: \"Play\",\n\t\t\t\t\t\t\t\t\t\t\tstopText: \"Stop\"\n\t\t\t\t\t\t\t\t\t\t}\n\t\t\t\t\t\t\t\t\t});\n\t\t\t\t\t\t\t\t}\n\t\t\t\t\t\t\t});\n\t\t\t\t\t\t});\n\t\t\t\t\t<\/script><\/h2>[vc_column_text]<\/p>\n<p style=\"text-align: justify;\">El\u00a013 de octubre de 1915, Giessenbier y 32 j\u00f3venes m\u00e1s, alentados por el coronel H.N.Morgan, desempe\u00f1an un papel m\u00e1s activo en cuestiones c\u00edvicas formando la Asociaci\u00f3n C\u00edvica Progresista de Hombres J\u00f3venes (Young Men\u00b4s Progressive Civic Association, YMPCA). Al siguiente a\u00f1o su nombre cambi\u00f3 a Junior Citizens, mejor conocida por sus iniciales JC como Jaycees. En 1918 se afilian a la C\u00e1mara de Comercio de San Luis y pasan a ser la C\u00e1mara Junior de Comercio de San Luis.<\/p>\n<p>[\/vc_column_text]<h2 id=\"uvc-type-wrap-6728\"  data-ultimate-target='#uvc-type-wrap-6728'  data-responsive-json-new='{\"font-size\":\"\",\"line-height\":\"desktop:46px;\"}'  class=\"uvc-type-wrap  ult-adjust-bottom-margin ult-responsive short m-t-l uvc-type-align-left  uvc-wrap-162138766869f202a4e0679\" style=\"text-align:left;\"><span  data-ultimate-target='#uvc-type-wrap-6728 .mycustfancy'  data-responsive-json-new='{\"font-size\":\"\",\"line-height\":\"\"}'  class=\"ultimate-ticker-prefix mycustfancy ult-responsive\" style=\"font-weight:normal; text-transform: unset;\">Fundaci\u00f3n de C\u00e1mara Junior de Panam\u00e1, OL De La Ciudad de Panam\u00e1<\/span><div id=\"vticker-162138766869f202a4e0679\"  data-ultimate-target=&#039;#uvc-type-wrap-6728&#039;  data-responsive-json-new=&#039;{&quot;font-size&quot;:&quot;&quot;,&quot;line-height&quot;:&quot;desktop:46px;&quot;}&#039;  class=\"ultimate-vticker ticker fancytext-background-enabled \" style=\"color:#ffffff;background:#0088cc; font-family:&#039;Open Sans&#039;;font-weight:300; text-transform: unset;\"><ul><li style=&quot;opacity:1&quot;><\/li><\/ul><\/div><script type=\"text\/javascript\">\n\t\t\t\t\t\tjQuery(function($){\n\t\t\t\t\t\t\t$(document).ready(function(){\n\t\t\t\t\t\t\t\tif( typeof jQuery(\"#vticker-162138766869f202a4e0679\").easyTicker == \"function\"){\n\t\t\t\t\t\t\t\t\t$(\"#vticker-162138766869f202a4e0679\").find(\"li\").css(\"opacity\",\"1\");\n\t\t\t\t\t\t\t\t\t\n\t\t\t\t\t\t\t\t\t$(\"#vticker-162138766869f202a4e0679\").easyTicker({\n\t\t\t\t\t\t\t\t\t\tdirection: \"up\",\n\t\t\t\t\t\t\t\t\t\teasing: \"swing\",\n\t\t\t\t\t\t\t\t\t\tspeed: \"200\",\n\t\t\t\t\t\t\t\t\t\tinterval: \"3000\",\n\t\t\t\t\t\t\t\t\t\theight: \"auto\",\n\t\t\t\t\t\t\t\t\t\tvisible: \"1\",\n\t\t\t\t\t\t\t\t\t\tmousePause: \"0\",\n\t\t\t\t\t\t\t\t\t\tcontrols: {\n\t\t\t\t\t\t\t\t\t\t\tup: \"\",\n\t\t\t\t\t\t\t\t\t\t\tdown: \"\",\n\t\t\t\t\t\t\t\t\t\t\ttoggle: \"\",\n\t\t\t\t\t\t\t\t\t\t\tplayText: \"Play\",\n\t\t\t\t\t\t\t\t\t\t\tstopText: \"Stop\"\n\t\t\t\t\t\t\t\t\t\t}\n\t\t\t\t\t\t\t\t\t});\n\t\t\t\t\t\t\t\t}\n\t\t\t\t\t\t\t});\n\t\t\t\t\t\t});\n\t\t\t\t\t<\/script><\/h2>[vc_column_text]<\/p>\n<p style=\"text-align: justify;\">El 16 de marzo de 1943 se constituye una Junta Directiva provisional y el 23 de mayo de 1943 se constituye definitivamente la primera Junta Directiva. Sus primeras sesiones las celebraban en las oficinas de la C\u00e1mara de Comercio de Panam\u00e1, ubicadas en los alrededores del Parque Catedral. El primer proyecto formal fue denominado Proyecto Pro-Embellecimiento del Balneario de Bella Vista. En 1952 el Presidente de la C\u00e1mara el Jr. Jos\u00e9 A.Quinzada le fue otorgado por el gobierno de Panam\u00e1 la orden de Vasco Nu\u00f1ez de Balboa por el proyecto de recolecci\u00f3n de sacos de cemento necesarios para construir el tramo de carretera desde Ant\u00f3n hasta Santiago.<\/p>\n<p style=\"text-align: justify;\">Actualmente, la C\u00e1mara Junior de Panam\u00e1 est\u00e1 conformada por 7\u00a0organizaciones a nivel nacional y 1 organizaci\u00f3n provisional o en formaci\u00f3n, teniendo presencia en las provincias de: Chiriqu\u00ed,\u00a0Herrera, Panam\u00e1 Oeste, Panam\u00e1 y Col\u00f3n.<\/p>\n<p>[\/vc_column_text][vc_column_text]<\/p>\n<p style=\"text-align: justify;\">Somos j\u00f3venes ciudadanos activos de todo el mundo. Viviendo, comunicando, tomando acci\u00f3n y creando impacto en nuestras comunidades. \u00bfEres un joven ciudadano activo? \u00bfDeseas marcar la diferencia en tu comunidad? \u00danete a nosotros en este viaje de acci\u00f3n local para alcanzar impacto global.<\/p>\n<p>[\/vc_column_text][\/vc_column][\/vc_row][vc_row][vc_column][vc_separator color=\u00bbcustom\u00bb gap=\u00bbtall\u00bb gradient=\u00bbyes\u00bb][\/vc_column][\/vc_row][vc_row wrap_container=\u00bbyes\u00bb el_class=\u00bbp-t-xxl\u00bb][vc_column][vc_row_inner][vc_column_inner width=\u00bb5\/12&#8243;][vc_custom_heading text=\u00bbLOS MIEMBROS DE LA <strong>JCI<\/strong> TOMAN ACCI\u00d3N Y BRINDAN SOLUCIONES SOSTENIBLES TODOS LOS D\u00cdAS EN M\u00c1S DE <strong>100 PA\u00cdSES<\/strong>.\u00bb use_theme_fonts=\u00bbyes\u00bb][vc_column_text]<\/p>\n<p style=\"text-align: justify;\">La JCI es una organizaci\u00f3n sin fines de lucro integrada por j\u00f3venes ciudadanos activos de entre 18 y 40 a\u00f1os de edad que est\u00e1n involucrados y comprometidos a crear impacto en sus comunidades. Los ciudadanos activos son individuos involucrados en el futuro del mundo. La JCI re\u00fane a ciudadanos activos de todos los sectores de la sociedad.<\/p>\n<p style=\"text-align: justify;\">Desarrollamos las habilidades, el conocimiento y la comprensi\u00f3n necesarias para tomar decisiones informadas y tomar acci\u00f3n. Como j\u00f3venes con pensamiento global, todos tenemos derechos, responsabilidades y objetivos compartidos. Encontramos soluciones espec\u00edficas a asuntos locales, beneficiando as\u00ed a nuestras comunidades, nuestro mundo y nuestro futuro.<\/p>\n<p>[\/vc_column_text][\/vc_column_inner][vc_column_inner width=\u00bb7\/12&#8243;][vc_single_image image=\u00bb570&#8243; img_size=\u00bbfull\u00bb alignment=\u00bbright\u00bb][\/vc_column_inner][\/vc_row_inner][vc_row_inner][vc_column_inner width=\u00bb5\/12&#8243;][vc_custom_heading text=\u00bbNUESTRA <strong>MISI\u00d3N<\/strong>\u00bb use_theme_fonts=\u00bbyes\u00bb][vc_column_text]Ofrecer oportunidades de desarrollo de liderazgo que empoderen a los j\u00f3venes para crear un cambio positivo.[\/vc_column_text][vc_custom_heading text=\u00bbNUESTRA <strong>VISI\u00d3N<\/strong>\u00bb use_theme_fonts=\u00bbyes\u00bb][vc_column_text]Ser la principal red mundial de j\u00f3venes l\u00edderes.[\/vc_column_text][\/vc_column_inner][vc_column_inner width=\u00bb7\/12&#8243;][vc_custom_heading text=\u00bbNUESTROS <strong>VALORES<\/strong>\u00bb use_theme_fonts=\u00bbyes\u00bb][vc_column_text]Que la fe en Dios da sentido y objeto a la vida<br \/>\nQue la hermandad de los hombres trasciende la soberan\u00eda de las naciones<br \/>\nQue la justicia econ\u00f3mica puede ser obtenida mejor por hombres libres a trav\u00e9s de la libre empresa<br \/>\nQue los gobiernos deben ser de leyes m\u00e1s que de hombres<br \/>\nQue el gran tesoro de la tierra reside en la personalidad humana<br \/>\nY que servir a la humanidad es la mejor obra de una vida.[\/vc_column_text][\/vc_column_inner][\/vc_row_inner][vc_separator color=\u00bbcustom\u00bb gap=\u00bbtall\u00bb gradient=\u00bbyes\u00bb][\/vc_column][\/vc_row][vc_row full_width=\u00bbstretch_row\u00bb wrap_container=\u00bbyes\u00bb is_section=\u00bbyes\u00bb section_skin=\u00bbprimary\u00bb remove_margin_top=\u00bbyes\u00bb remove_margin_bottom=\u00bbyes\u00bb el_class=\u00bbp-b-xl\u00bb][vc_column width=\u00bb1\/4&#8243;]<div class=\"stats-block stats-top  m-b \"><div class=\"aio-icon-top\"><div class=\"ult-just-icon-wrapper  \"><div class=\"align-icon\" style=\"text-align:center;\"><\/div><\/div><\/div><div class=\"stats-desc\" id=\"counter-responsv-wrap-6618\"><div id=\"counter_356231299969f202a4e0a5f\" data-id=\"counter_356231299969f202a4e0a5f\"  data-ultimate-target='#counter-responsv-wrap-6618 .stats-number'  data-responsive-json-new='{\"font-size\":\"desktop:50px;\",\"line-height\":\"\"}'  class=\"stats-number ult-responsive\" style=\" color:#ffffff; color:#ffffff;\" data-speed=\"3\" data-counter-value=\"1\" data-separator=\",\" data-decimal=\".\">0<\/div><div id=\"title-counter_356231299969f202a4e0a5f\"  data-ultimate-target='#counter-responsv-wrap-6618 .stats-text'  data-responsive-json-new='{\"font-size\":\"desktop:20px;\",\"line-height\":\"\"}'  class=\"stats-text ult-responsive\" style=\"font-size:px; color:#ffffff; \">Misi\u00f3n y Visi\u00f3n JCI<\/div><\/div><\/div>[\/vc_column][vc_column width=\u00bb1\/4&#8243;]<div class=\"stats-block stats-top  m-b \"><div class=\"aio-icon-top\"><div class=\"ult-just-icon-wrapper  \"><div class=\"align-icon\" style=\"text-align:center;\"><\/div><\/div><\/div><div class=\"stats-desc\" id=\"counter-responsv-wrap-2244\"><div id=\"counter_174398025869f202a4e0b76\" data-id=\"counter_174398025869f202a4e0b76\"  data-ultimate-target='#counter-responsv-wrap-2244 .stats-number'  data-responsive-json-new='{\"font-size\":\"desktop:50px;\",\"line-height\":\"\"}'  class=\"stats-number ult-responsive\" style=\" color:#ffffff; color:#ffffff;\" data-speed=\"3\" data-counter-value=\"200000\" data-separator=\",\" data-decimal=\".\">0<\/div><div class=\"counter_suffix mycust ult-responsive\"  data-ultimate-target='#counter-responsv-wrap-2244 .mycust'  data-responsive-json-new='{\"font-size\":\"desktop:50px;\",\"line-height\":\"\"}'  style=\" color:#ffffff\">+<\/div><div id=\"title-counter_174398025869f202a4e0b76\"  data-ultimate-target='#counter-responsv-wrap-2244 .stats-text'  data-responsive-json-new='{\"font-size\":\"desktop:20px;\",\"line-height\":\"\"}'  class=\"stats-text ult-responsive\" style=\"font-size:px; color:#ffffff; \">Miembros JCI<\/div><\/div><\/div>[\/vc_column][vc_column width=\u00bb1\/4&#8243;]<div class=\"stats-block stats-top  m-b \"><div class=\"aio-icon-top\"><div class=\"ult-just-icon-wrapper  \"><div class=\"align-icon\" style=\"text-align:center;\"><\/div><\/div><\/div><div class=\"stats-desc\" id=\"counter-responsv-wrap-1165\"><div id=\"counter_120126979969f202a4e0c3d\" data-id=\"counter_120126979969f202a4e0c3d\"  data-ultimate-target='#counter-responsv-wrap-1165 .stats-number'  data-responsive-json-new='{\"font-size\":\"desktop:50px;\",\"line-height\":\"\"}'  class=\"stats-number ult-responsive\" style=\" color:#ffffff; color:#ffffff;\" data-speed=\"3\" data-counter-value=\"5000\" data-separator=\",\" data-decimal=\".\">0<\/div><div class=\"counter_suffix mycust ult-responsive\"  data-ultimate-target='#counter-responsv-wrap-1165 .mycust'  data-responsive-json-new='{\"font-size\":\"desktop:50px;\",\"line-height\":\"\"}'  style=\" color:#ffffff\">+<\/div><div id=\"title-counter_120126979969f202a4e0c3d\"  data-ultimate-target='#counter-responsv-wrap-1165 .stats-text'  data-responsive-json-new='{\"font-size\":\"desktop:20px;\",\"line-height\":\"\"}'  class=\"stats-text ult-responsive\" style=\"font-size:px; color:#ffffff; \">Organizaciones Locales<\/div><\/div><\/div>[\/vc_column][vc_column width=\u00bb1\/4&#8243;]<div class=\"stats-block stats-top  m-b \"><div class=\"aio-icon-top\"><div class=\"ult-just-icon-wrapper  \"><div class=\"align-icon\" style=\"text-align:center;\"><\/div><\/div><\/div><div class=\"stats-desc\" id=\"counter-responsv-wrap-7378\"><div id=\"counter_308991984569f202a4e0d03\" data-id=\"counter_308991984569f202a4e0d03\"  data-ultimate-target='#counter-responsv-wrap-7378 .stats-number'  data-responsive-json-new='{\"font-size\":\"desktop:50px;\",\"line-height\":\"\"}'  class=\"stats-number ult-responsive\" style=\" color:#ffffff; color:#ffffff;\" data-speed=\"3\" data-counter-value=\"100\" data-separator=\",\" data-decimal=\".\">0<\/div><div class=\"counter_suffix mycust ult-responsive\"  data-ultimate-target='#counter-responsv-wrap-7378 .mycust'  data-responsive-json-new='{\"font-size\":\"desktop:50px;\",\"line-height\":\"\"}'  style=\" color:#ffffff\">+<\/div><div id=\"title-counter_308991984569f202a4e0d03\"  data-ultimate-target='#counter-responsv-wrap-7378 .stats-text'  data-responsive-json-new='{\"font-size\":\"desktop:20px;\",\"line-height\":\"\"}'  class=\"stats-text ult-responsive\" style=\"font-size:px; color:#ffffff; \">Organizaciones Nacionales<\/div><\/div><\/div>[\/vc_column][\/vc_row]<\/p>\n<\/div>","protected":false},"excerpt":{"rendered":"<p>[vc_row][vc_column][\/vc_column][\/vc_row][vc_row][vc_column][vc_video link=\u00bbhttps:\/\/youtu.be\/yLJaseO8NUI\u00bb el_width=\u00bb50&#8243; align=\u00bbcenter\u00bb css=\u00bb.vc_custom_1471820630479{margin-top: 10px !important;}\u00bb][\/vc_column][\/vc_row][vc_row wrap_container=\u00bbyes\u00bb el_class=\u00bbp-b-lg\u00bb][vc_column][vc_column_text] El\u00a013 de octubre de 1915, Giessenbier y 32 j\u00f3venes m\u00e1s, alentados por el coronel H.N.Morgan, desempe\u00f1an un papel m\u00e1s activo en cuestiones c\u00edvicas formando la Asociaci\u00f3n C\u00edvica Progresista de Hombres J\u00f3venes (Young Men\u00b4s Progressive Civic Association, YMPCA). Al siguiente a\u00f1o su nombre cambi\u00f3 a Junior Citizens, [&hellip;]<\/p>\n","protected":false},"author":1,"featured_media":0,"parent":0,"menu_order":0,"comment_status":"closed","ping_status":"closed","template":"","meta":{"_exactmetrics_skip_tracking":false,"_exactmetrics_sitenote_active":false,"_exactmetrics_sitenote_note":"","_exactmetrics_sitenote_category":0,"footnotes":""},"class_list":["post-55","page","type-page","status-publish","hentry"],"_links":{"self":[{"href":"https:\/\/www.jcicdp.org\/es\/wp-json\/wp\/v2\/pages\/55","targetHints":{"allow":["GET"]}}],"collection":[{"href":"https:\/\/www.jcicdp.org\/es\/wp-json\/wp\/v2\/pages"}],"about":[{"href":"https:\/\/www.jcicdp.org\/es\/wp-json\/wp\/v2\/types\/page"}],"author":[{"embeddable":true,"href":"https:\/\/www.jcicdp.org\/es\/wp-json\/wp\/v2\/users\/1"}],"replies":[{"embeddable":true,"href":"https:\/\/www.jcicdp.org\/es\/wp-json\/wp\/v2\/comments?post=55"}],"version-history":[{"count":49,"href":"https:\/\/www.jcicdp.org\/es\/wp-json\/wp\/v2\/pages\/55\/revisions"}],"predecessor-version":[{"id":1037,"href":"https:\/\/www.jcicdp.org\/es\/wp-json\/wp\/v2\/pages\/55\/revisions\/1037"}],"wp:attachment":[{"href":"https:\/\/www.jcicdp.org\/es\/wp-json\/wp\/v2\/media?parent=55"}],"curies":[{"name":"wp","href":"https:\/\/api.w.org\/{rel}","templated":true}]}}